{"id":89,"date":"2018-11-05T12:14:41","date_gmt":"2018-11-05T12:14:41","guid":{"rendered":"http:\/\/www.cargalogistica.pe\/website\/?page_id=89"},"modified":"2020-03-16T19:57:14","modified_gmt":"2020-03-16T19:57:14","slug":"itinerario-de-importacion-2016","status":"publish","type":"page","link":"https:\/\/www.cargalogistica.pe\/website\/datos-utiles\/itinerario-de-importacion-2016\/","title":{"rendered":"Itinerario de Importaciones"},"content":{"rendered":"\n<div class=\"wp-block-file\"><a href=\"https:\/\/www.cargalogistica.pe\/website\/wp-content\/uploads\/2020\/03\/ITINERARIO-DE-IMPORTACION-16-03-2020-1.pdf\">ITINERARIO-DE-IMPORTACION-16-03-2020-1<\/a><a href=\"https:\/\/www.cargalogistica.pe\/website\/wp-content\/uploads\/2020\/03\/ITINERARIO-DE-IMPORTACION-16-03-2020-1.pdf\" class=\"wp-block-file__button\" download>Descarga<\/a><\/div>\n\n\n<p>Nuestras pr\u00f3ximas salidas de naves de los diferentes puertos del mundo. considerando el nombre de la nave, el cut off,(fecha m\u00e1xima entrega de carga en origen) fecha de salida (ETD), fecha de llegada (ETA) y el tiempo de transito.<\/p>\n<p>\u00a0<\/p>\n<p><strong>INFORMACI\u00d3N DE INTER\u00c9S<\/strong><\/p>\n<ol>\n<li>Almacenaje en origen principales puertos &#8211; d\u00edas libres<\/li>\n<\/ol>\n<ul>\n<li>\n<table class=\"wp-block-table aligncenter\">\n<tbody>\n<tr>\n<td><strong>PAIS<\/strong><\/td>\n<td><strong>PUERTO<\/strong><\/td>\n<td><strong>DIAS LIBRES<\/strong><\/td>\n<\/tr>\n<tr>\n<td>Alemania<\/td>\n<td>Hamburgo<\/td>\n<td>7 Dias<\/td>\n<\/tr>\n<tr>\n<td>Argentina<\/td>\n<td>Buenos Aires<\/td>\n<td>07 Dias<\/td>\n<\/tr>\n<tr>\n<td>Brazil<\/td>\n<td>Santos\/Rio Grande<\/td>\n<td>15 Dias<\/td>\n<\/tr>\n<tr>\n<td>China<\/td>\n<td>Ningbo<\/td>\n<td>15 Dias<\/td>\n<\/tr>\n<tr>\n<td>China<\/td>\n<td>Shanghai<\/td>\n<td>07 Dias<\/td>\n<\/tr>\n<tr>\n<td>China<\/td>\n<td>Shenzhen<\/td>\n<td>07 Dias<\/td>\n<\/tr>\n<tr>\n<td>China<\/td>\n<td>Tianjiin<\/td>\n<td>07 Dias<\/td>\n<\/tr>\n<tr>\n<td>Colombia<\/td>\n<td>Buenaventura<\/td>\n<td>Ingresa Directo al Puerto<\/td>\n<\/tr>\n<tr>\n<td>Espa\u00f1a<\/td>\n<td>Barcelona<\/td>\n<td>15 Dias<\/td>\n<\/tr>\n<tr>\n<td>Korea<\/td>\n<td>Buzan<\/td>\n<td>07 Dias<\/td>\n<\/tr>\n<tr>\n<td>Mexico<\/td>\n<td>Manzanillo<\/td>\n<td>Ingresa Directo al Puerto<\/td>\n<\/tr>\n<tr>\n<td>USA<\/td>\n<td>Miami<\/td>\n<td>20 Dias<\/td>\n<\/tr>\n<tr>\n<td>Panama<\/td>\n<td>Colon<\/td>\n<td>14 Dias<\/td>\n<\/tr>\n<tr>\n<td>Taiwan<\/td>\n<td>Keenlung<\/td>\n<td>07 Dias<\/td>\n<\/tr>\n<tr>\n<td>Turquia<\/td>\n<td>Istambul<\/td>\n<td>Ingresa Directo al Puerto<\/td>\n<\/tr>\n<\/tbody>\n<\/table>\n<\/li>\n<\/ul>\n<ul>\n<li><strong>INFORMACI\u00d3N DE INTER\u00c9S<\/strong><\/li>\n<\/ul>\n<p>2.- Sobreestadia de contenedores(DRY) \u2013 Dias Libres<\/p>\n<table class=\"wp-block-table aligncenter\">\n<tbody>\n<tr>\n<td>Asia<\/td>\n<td>20 Dias Libres<\/td>\n<\/tr>\n<tr>\n<td>Sudamerica<\/td>\n<td>07 a 15 Dias Lbres<\/td>\n<\/tr>\n<tr>\n<td>USA<\/td>\n<td>15 a 20 Dias Libres<\/td>\n<\/tr>\n<\/tbody>\n<\/table>\n<p>3.- \u00a0Almacenaje en destino \u2013 terminales de almacenamiento:<\/p>\n<table class=\"wp-block-table aligncenter\">\n<tbody>\n<tr>\n<td>Tipo de Carga<\/td>\n<td>Vias Libres<\/td>\n<td>Retroactivo<\/td>\n<\/tr>\n<tr>\n<td>Carga Consolidada(LCL)<\/td>\n<td>30 Dias Libres<\/td>\n<td>SI<\/td>\n<\/tr>\n<tr>\n<td>Contenedores(DRY)<\/td>\n<td>30 Dias Libres<\/td>\n<td>NO<\/td>\n<\/tr>\n<\/tbody>\n<\/table>","protected":false},"excerpt":{"rendered":"<p>Nuestras pr\u00f3ximas salidas de naves de los diferentes puertos del mundo. considerando el nombre de la nave, el cut off,(fecha m\u00e1xima entrega de carga en origen) fecha de salida (ETD), fecha de llegada (ETA) y el tiempo de transito. \u00a0 INFORMACI\u00d3N DE INTER\u00c9S Almacenaje en origen principales puertos &#8211; d\u00edas libres PAIS PUERTO DIAS LIBRES &hellip; <\/p>\n<p><a class=\"more-link btn\" href=\"https:\/\/www.cargalogistica.pe\/website\/datos-utiles\/itinerario-de-importacion-2016\/\">Seguir leyendo<\/a><\/p>\n","protected":false},"author":1,"featured_media":0,"parent":83,"menu_order":2,"comment_status":"closed","ping_status":"closed","template":"","meta":{"footnotes":""},"class_list":["post-89","page","type-page","status-publish","hentry","nodate","item-wrap"],"_links":{"self":[{"href":"https:\/\/www.cargalogistica.pe\/website\/wp-json\/wp\/v2\/pages\/89","targetHints":{"allow":["GET"]}}],"collection":[{"href":"https:\/\/www.cargalogistica.pe\/website\/wp-json\/wp\/v2\/pages"}],"about":[{"href":"https:\/\/www.cargalogistica.pe\/website\/wp-json\/wp\/v2\/types\/page"}],"author":[{"embeddable":true,"href":"https:\/\/www.cargalogistica.pe\/website\/wp-json\/wp\/v2\/users\/1"}],"replies":[{"embeddable":true,"href":"https:\/\/www.cargalogistica.pe\/website\/wp-json\/wp\/v2\/comments?post=89"}],"version-history":[{"count":46,"href":"https:\/\/www.cargalogistica.pe\/website\/wp-json\/wp\/v2\/pages\/89\/revisions"}],"predecessor-version":[{"id":491,"href":"https:\/\/www.cargalogistica.pe\/website\/wp-json\/wp\/v2\/pages\/89\/revisions\/491"}],"up":[{"embeddable":true,"href":"https:\/\/www.cargalogistica.pe\/website\/wp-json\/wp\/v2\/pages\/83"}],"wp:attachment":[{"href":"https:\/\/www.cargalogistica.pe\/website\/wp-json\/wp\/v2\/media?parent=89"}],"curies":[{"name":"wp","href":"https:\/\/api.w.org\/{rel}","templated":true}]}}